{"id":226,"date":"2025-02-15T18:28:44","date_gmt":"2025-02-15T17:28:44","guid":{"rendered":"https:\/\/altekaeserei.net\/?page_id=226"},"modified":"2025-09-15T14:38:20","modified_gmt":"2025-09-15T12:38:20","slug":"das-haus","status":"publish","type":"page","link":"https:\/\/www.altekaeserei.de\/?page_id=226","title":{"rendered":"Haus und Garten"},"content":{"rendered":"\n<p class=\"has-text-align-center has-small-font-size\"> In K\u00f6ssern bei Grimma ist aus einem \u00fcber 120 Jahre alten Bauernhaus das Feriendomizil &#8220;Alte K\u00e4serei&#8221; entstanden.<br><strong>Unser Haus ist ideal f\u00fcr Paare, f\u00fcr Familien mit Kindern, f\u00fcr Senioren, f\u00fcr Rad- und Fu\u00dfwanderer, f\u00fcr Wander-  und andere Gruppen, f\u00fcr Dienstreisende, Monteure und Handwerker.<br>Bei uns sind Sie mitten in Sachsen, es sind nur 35 km bis Leipzig, 80 km bis Dresden und 50 km bis Chemnitz<\/strong>.<br>Auch Haustiere sind herzlich willkommen. Wir bitten um vorherige Absprache.<\/p>\n\n\n\n<div class=\"wp-block-columns is-layout-flex wp-container-core-columns-is-layout-28f84493 wp-block-columns-is-layout-flex\">\n<div class=\"wp-block-column is-layout-flow wp-block-column-is-layout-flow\">\n<figure class=\"wp-block-image size-large has-custom-border is-style-shadow-solid\"><img loading=\"lazy\" decoding=\"async\" width=\"1024\" height=\"768\" src=\"https:\/\/altekaeserei.net\/wp-content\/uploads\/2025\/02\/191110-wohnzimmer-tv-4000x3000-1-1024x768.jpg\" alt=\"Wohnzimmer mit TV\" class=\"has-border-color has-primary-border-color wp-image-232\" srcset=\"https:\/\/www.altekaeserei.de\/wp-content\/uploads\/2025\/02\/191110-wohnzimmer-tv-4000x3000-1-1024x768.jpg 1024w, https:\/\/www.altekaeserei.de\/wp-content\/uploads\/2025\/02\/191110-wohnzimmer-tv-4000x3000-1-300x225.jpg 300w, https:\/\/www.altekaeserei.de\/wp-content\/uploads\/2025\/02\/191110-wohnzimmer-tv-4000x3000-1-768x576.jpg 768w, https:\/\/www.altekaeserei.de\/wp-content\/uploads\/2025\/02\/191110-wohnzimmer-tv-4000x3000-1-1536x1152.jpg 1536w, https:\/\/www.altekaeserei.de\/wp-content\/uploads\/2025\/02\/191110-wohnzimmer-tv-4000x3000-1-2048x1536.jpg 2048w\" sizes=\"auto, (max-width: 1024px) 100vw, 1024px\" \/><\/figure>\n<\/div>\n\n\n\n<div class=\"wp-block-column is-layout-flow wp-block-column-is-layout-flow\">\n<figure class=\"wp-block-image size-large has-custom-border is-style-shadow-solid\"><img loading=\"lazy\" decoding=\"async\" width=\"1024\" height=\"768\" src=\"https:\/\/altekaeserei.net\/wp-content\/uploads\/2025\/02\/191110-wohnzimmer-sofa-4000-x-3000-1024x768.jpg\" alt=\"Wohnzimmer\" class=\"has-border-color has-primary-border-color wp-image-242\" srcset=\"https:\/\/www.altekaeserei.de\/wp-content\/uploads\/2025\/02\/191110-wohnzimmer-sofa-4000-x-3000-1024x768.jpg 1024w, https:\/\/www.altekaeserei.de\/wp-content\/uploads\/2025\/02\/191110-wohnzimmer-sofa-4000-x-3000-300x225.jpg 300w, https:\/\/www.altekaeserei.de\/wp-content\/uploads\/2025\/02\/191110-wohnzimmer-sofa-4000-x-3000-768x576.jpg 768w, https:\/\/www.altekaeserei.de\/wp-content\/uploads\/2025\/02\/191110-wohnzimmer-sofa-4000-x-3000-1536x1152.jpg 1536w, https:\/\/www.altekaeserei.de\/wp-content\/uploads\/2025\/02\/191110-wohnzimmer-sofa-4000-x-3000-2048x1536.jpg 2048w\" sizes=\"auto, (max-width: 1024px) 100vw, 1024px\" \/><\/figure>\n<\/div>\n\n\n\n<div class=\"wp-block-column is-layout-flow wp-block-column-is-layout-flow\">\n<figure class=\"wp-block-image size-large has-custom-border is-style-shadow-solid\"><img loading=\"lazy\" decoding=\"async\" width=\"1024\" height=\"768\" src=\"https:\/\/altekaeserei.net\/wp-content\/uploads\/2025\/02\/191110-kueche-4000x3000-2-1024x768.jpg\" alt=\"K\u00fcche\" class=\"has-border-color has-primary-border-color wp-image-243\" srcset=\"https:\/\/www.altekaeserei.de\/wp-content\/uploads\/2025\/02\/191110-kueche-4000x3000-2-1024x768.jpg 1024w, https:\/\/www.altekaeserei.de\/wp-content\/uploads\/2025\/02\/191110-kueche-4000x3000-2-300x225.jpg 300w, https:\/\/www.altekaeserei.de\/wp-content\/uploads\/2025\/02\/191110-kueche-4000x3000-2-768x576.jpg 768w, https:\/\/www.altekaeserei.de\/wp-content\/uploads\/2025\/02\/191110-kueche-4000x3000-2-1536x1152.jpg 1536w, https:\/\/www.altekaeserei.de\/wp-content\/uploads\/2025\/02\/191110-kueche-4000x3000-2-2048x1536.jpg 2048w\" sizes=\"auto, (max-width: 1024px) 100vw, 1024px\" \/><\/figure>\n<\/div>\n<\/div>\n\n\n\n<p class=\"has-text-align-center\" style=\"font-size:14px\"><b>Im Haus erwarten  Sie ein Wohnzimmer und <\/b><strong style=\"font-weight: bold;\">eine K\u00fcche mit Vollausstattung: K\u00fchlschrank \/ Gefrierschrank \/ Geschirrsp\u00fcler \/ Mikrowelle \/ Toaster \/ Kaffeemaschine<\/strong> \/ <strong><strong>zwei Ceranplatten \/ Essplatz f\u00fcr vier Personen \/ T\u00f6pfe \/ Pfannen \/ Besteck \/ Geschirr.<\/strong>&#8230; <\/strong><\/p>\n\n\n\n<div class=\"wp-block-columns is-layout-flex wp-container-core-columns-is-layout-28f84493 wp-block-columns-is-layout-flex\">\n<div class=\"wp-block-column is-layout-flow wp-block-column-is-layout-flow\">\n<figure class=\"wp-block-image size-large has-custom-border is-style-shadow-solid\"><img loading=\"lazy\" decoding=\"async\" width=\"1024\" height=\"768\" src=\"https:\/\/altekaeserei.net\/wp-content\/uploads\/2025\/02\/191107-sonne-betten-4000x3000-1-1024x768.jpg\" alt=\"Schlafzimmer mit Doppelbett\" class=\"has-border-color has-primary-border-color wp-image-234\" srcset=\"https:\/\/www.altekaeserei.de\/wp-content\/uploads\/2025\/02\/191107-sonne-betten-4000x3000-1-1024x768.jpg 1024w, https:\/\/www.altekaeserei.de\/wp-content\/uploads\/2025\/02\/191107-sonne-betten-4000x3000-1-300x225.jpg 300w, https:\/\/www.altekaeserei.de\/wp-content\/uploads\/2025\/02\/191107-sonne-betten-4000x3000-1-768x576.jpg 768w, https:\/\/www.altekaeserei.de\/wp-content\/uploads\/2025\/02\/191107-sonne-betten-4000x3000-1-1536x1152.jpg 1536w, https:\/\/www.altekaeserei.de\/wp-content\/uploads\/2025\/02\/191107-sonne-betten-4000x3000-1-2048x1536.jpg 2048w\" sizes=\"auto, (max-width: 1024px) 100vw, 1024px\" \/><\/figure>\n<\/div>\n\n\n\n<div class=\"wp-block-column is-layout-flow wp-block-column-is-layout-flow\">\n<figure class=\"wp-block-image size-large has-custom-border is-style-shadow-solid\"><img loading=\"lazy\" decoding=\"async\" width=\"1024\" height=\"768\" src=\"https:\/\/altekaeserei.net\/wp-content\/uploads\/2025\/02\/191107-wiese-4000x3000-1-1024x768.jpg\" alt=\"Schlafzimmer mit Einzelbetten\" class=\"has-border-color has-primary-border-color wp-image-236\" srcset=\"https:\/\/www.altekaeserei.de\/wp-content\/uploads\/2025\/02\/191107-wiese-4000x3000-1-1024x768.jpg 1024w, https:\/\/www.altekaeserei.de\/wp-content\/uploads\/2025\/02\/191107-wiese-4000x3000-1-300x225.jpg 300w, https:\/\/www.altekaeserei.de\/wp-content\/uploads\/2025\/02\/191107-wiese-4000x3000-1-768x576.jpg 768w, https:\/\/www.altekaeserei.de\/wp-content\/uploads\/2025\/02\/191107-wiese-4000x3000-1-1536x1152.jpg 1536w, https:\/\/www.altekaeserei.de\/wp-content\/uploads\/2025\/02\/191107-wiese-4000x3000-1-2048x1536.jpg 2048w\" sizes=\"auto, (max-width: 1024px) 100vw, 1024px\" \/><\/figure>\n<\/div>\n\n\n\n<div class=\"wp-block-column is-layout-flow wp-block-column-is-layout-flow\">\n<figure class=\"wp-block-image size-full has-custom-border is-style-shadow-solid\"><img loading=\"lazy\" decoding=\"async\" width=\"2560\" height=\"1920\" src=\"https:\/\/altekaeserei.net\/wp-content\/uploads\/2025\/02\/191107-wiese-vorzimmer-4000x3000-1-scaled.jpg\" alt=\"Ein Vorzimmer\" class=\"has-border-color has-primary-border-color wp-image-238\" srcset=\"https:\/\/www.altekaeserei.de\/wp-content\/uploads\/2025\/02\/191107-wiese-vorzimmer-4000x3000-1-scaled.jpg 2560w, https:\/\/www.altekaeserei.de\/wp-content\/uploads\/2025\/02\/191107-wiese-vorzimmer-4000x3000-1-300x225.jpg 300w, https:\/\/www.altekaeserei.de\/wp-content\/uploads\/2025\/02\/191107-wiese-vorzimmer-4000x3000-1-1024x768.jpg 1024w, https:\/\/www.altekaeserei.de\/wp-content\/uploads\/2025\/02\/191107-wiese-vorzimmer-4000x3000-1-768x576.jpg 768w, https:\/\/www.altekaeserei.de\/wp-content\/uploads\/2025\/02\/191107-wiese-vorzimmer-4000x3000-1-1536x1152.jpg 1536w, https:\/\/www.altekaeserei.de\/wp-content\/uploads\/2025\/02\/191107-wiese-vorzimmer-4000x3000-1-2048x1536.jpg 2048w\" sizes=\"auto, (max-width: 2560px) 100vw, 2560px\" \/><\/figure>\n<\/div>\n<\/div>\n\n\n\n<p class=\"has-text-align-center\" style=\"font-size:clamp(14px, 0.875rem + ((1vw - 3.2px) * 0.227), 16px);\"><strong>&#8230; dazu zwei Schlafzimmer samt je einem Vorraum <\/strong>.  WLAN ist im Haus kostenlos verf\u00fcgbar.<\/p>\n\n\n\n<div class=\"wp-block-columns is-layout-flex wp-container-core-columns-is-layout-28f84493 wp-block-columns-is-layout-flex\">\n<div class=\"wp-block-column is-layout-flow wp-block-column-is-layout-flow\" style=\"font-size:14px\">\n<figure class=\"wp-block-image size-full has-custom-border is-style-shadow-solid\"><img loading=\"lazy\" decoding=\"async\" width=\"1600\" height=\"1200\" src=\"https:\/\/altekaeserei.net\/wp-content\/uploads\/2025\/02\/dusche-wc.jpg\" alt=\"Bad \/WC \/ Dusche\" class=\"has-border-color has-primary-border-color wp-image-244\" style=\"border-width:2px;border-radius:0px\" srcset=\"https:\/\/www.altekaeserei.de\/wp-content\/uploads\/2025\/02\/dusche-wc.jpg 1600w, https:\/\/www.altekaeserei.de\/wp-content\/uploads\/2025\/02\/dusche-wc-300x225.jpg 300w, https:\/\/www.altekaeserei.de\/wp-content\/uploads\/2025\/02\/dusche-wc-1024x768.jpg 1024w, https:\/\/www.altekaeserei.de\/wp-content\/uploads\/2025\/02\/dusche-wc-768x576.jpg 768w, https:\/\/www.altekaeserei.de\/wp-content\/uploads\/2025\/02\/dusche-wc-1536x1152.jpg 1536w\" sizes=\"auto, (max-width: 1600px) 100vw, 1600px\" \/><\/figure>\n\n\n\n<p class=\"has-text-align-center\" style=\"font-size:clamp(14px, 0.875rem + ((1vw - 3.2px) * 0.227), 16px);\"><strong>Das Bad hat eine verglaste Dusche und ein WC. Ein F\u00f6hn ist vorhanden<\/strong>.<\/p>\n<\/div>\n\n\n\n<div class=\"wp-block-column is-layout-flow wp-block-column-is-layout-flow\" style=\"font-size:14px\">\n<figure class=\"wp-block-image size-large has-custom-border is-style-shadow-solid\"><img loading=\"lazy\" decoding=\"async\" width=\"1024\" height=\"768\" src=\"https:\/\/altekaeserei.net\/wp-content\/uploads\/2025\/02\/191108-parkplatz-alte-kaeserei4000x3000-1024x768.jpg\" alt=\"Parkplatz\" class=\"has-border-color has-primary-border-color wp-image-252\" srcset=\"https:\/\/www.altekaeserei.de\/wp-content\/uploads\/2025\/02\/191108-parkplatz-alte-kaeserei4000x3000-1024x768.jpg 1024w, https:\/\/www.altekaeserei.de\/wp-content\/uploads\/2025\/02\/191108-parkplatz-alte-kaeserei4000x3000-300x225.jpg 300w, https:\/\/www.altekaeserei.de\/wp-content\/uploads\/2025\/02\/191108-parkplatz-alte-kaeserei4000x3000-768x576.jpg 768w, https:\/\/www.altekaeserei.de\/wp-content\/uploads\/2025\/02\/191108-parkplatz-alte-kaeserei4000x3000-1536x1152.jpg 1536w, https:\/\/www.altekaeserei.de\/wp-content\/uploads\/2025\/02\/191108-parkplatz-alte-kaeserei4000x3000-2048x1536.jpg 2048w\" sizes=\"auto, (max-width: 1024px) 100vw, 1024px\" \/><\/figure>\n\n\n\n<p class=\"has-text-align-center\" style=\"font-size:clamp(14px, 0.875rem + ((1vw - 3.2px) * 0.227), 16px);\">Direkt am Haus finden Sie den kostenlosen Parkplatz.<\/p>\n<\/div>\n\n\n\n<div class=\"wp-block-column is-layout-flow wp-block-column-is-layout-flow\" style=\"font-size:14px\">\n<figure class=\"wp-block-image size-full has-custom-border is-style-shadow-solid\"><img loading=\"lazy\" decoding=\"async\" width=\"1570\" height=\"1202\" src=\"https:\/\/altekaeserei.net\/wp-content\/uploads\/2025\/02\/hausansicht.png\" alt=\"Alte K\u00e4serei K\u00f6ssern\" class=\"has-border-color has-primary-border-color wp-image-281\" srcset=\"https:\/\/www.altekaeserei.de\/wp-content\/uploads\/2025\/02\/hausansicht.png 1570w, https:\/\/www.altekaeserei.de\/wp-content\/uploads\/2025\/02\/hausansicht-300x230.png 300w, https:\/\/www.altekaeserei.de\/wp-content\/uploads\/2025\/02\/hausansicht-1024x784.png 1024w, https:\/\/www.altekaeserei.de\/wp-content\/uploads\/2025\/02\/hausansicht-768x588.png 768w, https:\/\/www.altekaeserei.de\/wp-content\/uploads\/2025\/02\/hausansicht-1536x1176.png 1536w\" sizes=\"auto, (max-width: 1570px) 100vw, 1570px\" \/><\/figure>\n\n\n\n<p class=\"has-text-align-center\" style=\"font-size:clamp(14px, 0.875rem + ((1vw - 3.2px) * 0.227), 16px);\">Blick auf die Alte K\u00e4serei K\u00f6ssern.<\/p>\n<\/div>\n<\/div>\n\n\n\n<div class=\"wp-block-columns is-layout-flex wp-container-core-columns-is-layout-28f84493 wp-block-columns-is-layout-flex\">\n<div class=\"wp-block-column is-layout-flow wp-block-column-is-layout-flow\">\n<figure class=\"wp-block-image size-full has-custom-border is-style-shadow-solid\"><img loading=\"lazy\" decoding=\"async\" width=\"1152\" height=\"648\" src=\"https:\/\/altekaeserei.net\/wp-content\/uploads\/2025\/02\/220525-2.jpg\" alt=\"Pool\" class=\"has-border-color has-primary-border-color wp-image-269\" srcset=\"https:\/\/www.altekaeserei.de\/wp-content\/uploads\/2025\/02\/220525-2.jpg 1152w, https:\/\/www.altekaeserei.de\/wp-content\/uploads\/2025\/02\/220525-2-300x169.jpg 300w, https:\/\/www.altekaeserei.de\/wp-content\/uploads\/2025\/02\/220525-2-1024x576.jpg 1024w, https:\/\/www.altekaeserei.de\/wp-content\/uploads\/2025\/02\/220525-2-768x432.jpg 768w\" sizes=\"auto, (max-width: 1152px) 100vw, 1152px\" \/><\/figure>\n<\/div>\n\n\n\n<div class=\"wp-block-column is-layout-flow wp-block-column-is-layout-flow\">\n<figure class=\"wp-block-image size-full has-custom-border is-style-shadow-solid\"><img loading=\"lazy\" decoding=\"async\" width=\"1152\" height=\"648\" src=\"https:\/\/altekaeserei.net\/wp-content\/uploads\/2025\/02\/220525-6.jpg\" alt=\"Pool\" class=\"has-border-color has-primary-border-color wp-image-270\" srcset=\"https:\/\/www.altekaeserei.de\/wp-content\/uploads\/2025\/02\/220525-6.jpg 1152w, https:\/\/www.altekaeserei.de\/wp-content\/uploads\/2025\/02\/220525-6-300x169.jpg 300w, https:\/\/www.altekaeserei.de\/wp-content\/uploads\/2025\/02\/220525-6-1024x576.jpg 1024w, https:\/\/www.altekaeserei.de\/wp-content\/uploads\/2025\/02\/220525-6-768x432.jpg 768w\" sizes=\"auto, (max-width: 1152px) 100vw, 1152px\" \/><\/figure>\n<\/div>\n<\/div>\n\n\n\n<p class=\"has-text-align-center\" style=\"font-size:clamp(14px, 0.875rem + ((1vw - 3.2px) * 0.227), 16px);\">Der Pool ist 7,00 m lang, 4,50 m breit und 1,50 m tief. Er ist solarbeheizt und von April bis Oktober benutzbar.<\/p>\n\n\n\n<div class=\"wp-block-columns is-layout-flex wp-container-core-columns-is-layout-28f84493 wp-block-columns-is-layout-flex\">\n<div class=\"wp-block-column is-layout-flow wp-block-column-is-layout-flow\" style=\"flex-basis:33%\">\n<div class=\"wp-block-cover aligncenter has-custom-content-position is-position-bottom-center has-border-color has-secondary-border-color has-x-small-font-size\" style=\"min-height:249px;aspect-ratio:unset;\"><span aria-hidden=\"true\" class=\"wp-block-cover__background has-background-dim\"><\/span><img loading=\"lazy\" decoding=\"async\" width=\"1024\" height=\"768\" class=\"wp-block-cover__image-background wp-image-276\" alt=\"\" src=\"https:\/\/altekaeserei.net\/wp-content\/uploads\/2025\/02\/210624-gaestegarten-4000x3000-2-1024x768.jpg\" data-object-fit=\"cover\" srcset=\"https:\/\/www.altekaeserei.de\/wp-content\/uploads\/2025\/02\/210624-gaestegarten-4000x3000-2-1024x768.jpg 1024w, https:\/\/www.altekaeserei.de\/wp-content\/uploads\/2025\/02\/210624-gaestegarten-4000x3000-2-300x225.jpg 300w, https:\/\/www.altekaeserei.de\/wp-content\/uploads\/2025\/02\/210624-gaestegarten-4000x3000-2-768x576.jpg 768w, https:\/\/www.altekaeserei.de\/wp-content\/uploads\/2025\/02\/210624-gaestegarten-4000x3000-2-1536x1152.jpg 1536w, https:\/\/www.altekaeserei.de\/wp-content\/uploads\/2025\/02\/210624-gaestegarten-4000x3000-2-2048x1536.jpg 2048w\" sizes=\"auto, (max-width: 1024px) 100vw, 1024px\" \/><div class=\"wp-block-cover__inner-container is-layout-flow wp-block-cover-is-layout-flow\">\n<p class=\"has-text-align-center has-large-font-size\"><\/p>\n<\/div><\/div>\n<\/div>\n\n\n\n<div class=\"wp-block-column is-layout-flow wp-block-column-is-layout-flow\" style=\"flex-basis:33%\">\n<div class=\"wp-block-cover aligncenter has-custom-content-position is-position-bottom-center has-border-color has-secondary-border-color has-x-small-font-size\" style=\"min-height:250px;aspect-ratio:unset;\"><span aria-hidden=\"true\" class=\"wp-block-cover__background has-background-dim\"><\/span><img loading=\"lazy\" decoding=\"async\" width=\"900\" height=\"677\" class=\"wp-block-cover__image-background wp-image-262\" alt=\"6-m-Weinlaube\" src=\"https:\/\/altekaeserei.net\/wp-content\/uploads\/2025\/02\/weinlaube.jpg\" data-object-fit=\"cover\" srcset=\"https:\/\/www.altekaeserei.de\/wp-content\/uploads\/2025\/02\/weinlaube.jpg 900w, https:\/\/www.altekaeserei.de\/wp-content\/uploads\/2025\/02\/weinlaube-300x226.jpg 300w, https:\/\/www.altekaeserei.de\/wp-content\/uploads\/2025\/02\/weinlaube-768x578.jpg 768w\" sizes=\"auto, (max-width: 900px) 100vw, 900px\" \/><div class=\"wp-block-cover__inner-container is-layout-flow wp-block-cover-is-layout-flow\">\n<p class=\"has-text-align-center has-x-small-font-size\"><\/p>\n<\/div><\/div>\n<\/div>\n\n\n\n<div class=\"wp-block-column is-layout-flow wp-block-column-is-layout-flow\" style=\"flex-basis:33%\">\n<div class=\"wp-block-cover aligncenter has-custom-content-position is-position-bottom-center has-border-color has-secondary-border-color has-x-small-font-size\" style=\"border-width:3px;min-height:250px;aspect-ratio:unset;\"><span aria-hidden=\"true\" class=\"wp-block-cover__background has-background-dim\"><\/span><img loading=\"lazy\" decoding=\"async\" width=\"2560\" height=\"2046\" class=\"wp-block-cover__image-background wp-image-286\" alt=\"Sonnenblume\" src=\"https:\/\/altekaeserei.net\/wp-content\/uploads\/2025\/02\/200723-sonnenblume-scaled.jpg\" style=\"object-position:25% 50%\" data-object-fit=\"cover\" data-object-position=\"25% 50%\" srcset=\"https:\/\/www.altekaeserei.de\/wp-content\/uploads\/2025\/02\/200723-sonnenblume-scaled.jpg 2560w, https:\/\/www.altekaeserei.de\/wp-content\/uploads\/2025\/02\/200723-sonnenblume-300x240.jpg 300w, https:\/\/www.altekaeserei.de\/wp-content\/uploads\/2025\/02\/200723-sonnenblume-1024x818.jpg 1024w, https:\/\/www.altekaeserei.de\/wp-content\/uploads\/2025\/02\/200723-sonnenblume-768x614.jpg 768w, https:\/\/www.altekaeserei.de\/wp-content\/uploads\/2025\/02\/200723-sonnenblume-1536x1228.jpg 1536w, https:\/\/www.altekaeserei.de\/wp-content\/uploads\/2025\/02\/200723-sonnenblume-2048x1637.jpg 2048w\" sizes=\"auto, (max-width: 2560px) 100vw, 2560px\" \/><div class=\"wp-block-cover__inner-container is-layout-flow wp-block-cover-is-layout-flow\">\n<p class=\"has-text-align-center has-small-font-size\"><\/p>\n<\/div><\/div>\n<\/div>\n<\/div>\n\n\n\n<div class=\"wp-block-columns is-layout-flex wp-container-core-columns-is-layout-28f84493 wp-block-columns-is-layout-flex\">\n<div class=\"wp-block-column is-layout-flow wp-block-column-is-layout-flow\" style=\"font-size:14px;flex-basis:33.34%\">\n<p class=\"has-text-align-center has-contrast-color has-text-color has-link-color has-small-font-size wp-elements-2649b42691dbddc12784ffb481a0ea68\"><sup>Garten f\u00fcr unsere G\u00e4ste <\/sup><\/p>\n<\/div>\n\n\n\n<div class=\"wp-block-column is-layout-flow wp-block-column-is-layout-flow\" style=\"font-size:14px;flex-basis:33.34%\">\n<p class=\"has-text-align-center has-contrast-color has-text-color has-link-color wp-elements-146c80c6c0d71ce2eee9b53cd3eee5fd\" style=\"font-size:clamp(14px, 0.875rem + ((1vw - 3.2px) * 0.227), 16px);\">Die schattige 6-m-Weinlaube<\/p>\n<\/div>\n\n\n\n<div class=\"wp-block-column is-layout-flow wp-block-column-is-layout-flow\" style=\"font-size:14px;flex-basis:33.33%\">\n<p class=\"has-text-align-center\" style=\"font-size:clamp(14px, 0.875rem + ((1vw - 3.2px) * 0.227), 16px);\">Die Sonnenblume strahlt uns an<\/p>\n<\/div>\n<\/div>\n\n\n\n<p class=\"has-text-align-center has-small-font-size\"><br>Ein Garten mit 6-m-Weinlaube und Grillplatz geh\u00f6rt zum Haus .<br>Bettw\u00e4sche, Kalt- und solarerw\u00e4rmtes Warmwasser, Heizung und Strom sind im Preis eingeschlossen. <br>Handt\u00fccher wollen Sie bitte selbst mitbringen.<\/p>\n\n\n\n<p class=\"has-text-align-center has-small-font-size\">Ihr Haustier soll Sie begleiten? Gern! F\u00fcr vorherige Absprache sind wir dankbar.<\/p>\n\n\n\n<p class=\"has-text-align-center has-small-font-size\">Unser Haus kostet ab 25,- \u20ac pro Person und Nacht, bitte erfragen Sie Ihr individuelles <a href=\"https:\/\/altekaeserei.net\/?page_id=222\" data-type=\"page\" data-id=\"222\">Angebot<\/a>.<\/p>\n\n\n\n<p class=\"has-text-align-center has-small-font-size\">Von den Anschlussstellen Grimma und Mutzschen der Autobahn A 14 (Halle &#8211; Dresden) sind es jeweils 10 km, <br>die Bundesstra\u00dfe 107 f\u00fchrt etwa zwei Kilometer am Ort vorbei, <br>die Anreise ist auch per Bahn (Bahnhof Gro\u00dfbothen bzw. Grimma) m\u00f6glich.<\/p>\n\n\n\n<p><\/p>\n","protected":false},"excerpt":{"rendered":"<p>In K\u00f6ssern bei Grimma ist aus einem \u00fcber 120 Jahre alten Bauernhaus das Feriendomizil &#8220;Alte K\u00e4serei&#8221; entstanden.Unser Haus ist ideal f\u00fcr Paare, f\u00fcr Familien mit Kindern, f\u00fcr Senioren, f\u00fcr Rad- und Fu\u00dfwanderer, f\u00fcr Wander- und andere Gruppen, f\u00fcr Dienstreisende, Monteure und Handwerker.Bei uns sind Sie mitten in Sachsen, es sind nur 35 km bis Leipzig, [&hellip;]<\/p>\n","protected":false},"author":1,"featured_media":0,"parent":0,"menu_order":0,"comment_status":"closed","ping_status":"closed","template":"","meta":{"footnotes":""},"class_list":["post-226","page","type-page","status-publish","hentry"],"_links":{"self":[{"href":"https:\/\/www.altekaeserei.de\/index.php?rest_route=\/wp\/v2\/pages\/226","targetHints":{"allow":["GET"]}}],"collection":[{"href":"https:\/\/www.altekaeserei.de\/index.php?rest_route=\/wp\/v2\/pages"}],"about":[{"href":"https:\/\/www.altekaeserei.de\/index.php?rest_route=\/wp\/v2\/types\/page"}],"author":[{"embeddable":true,"href":"https:\/\/www.altekaeserei.de\/index.php?rest_route=\/wp\/v2\/users\/1"}],"replies":[{"embeddable":true,"href":"https:\/\/www.altekaeserei.de\/index.php?rest_route=%2Fwp%2Fv2%2Fcomments&post=226"}],"version-history":[{"count":1,"href":"https:\/\/www.altekaeserei.de\/index.php?rest_route=\/wp\/v2\/pages\/226\/revisions"}],"predecessor-version":[{"id":702,"href":"https:\/\/www.altekaeserei.de\/index.php?rest_route=\/wp\/v2\/pages\/226\/revisions\/702"}],"wp:attachment":[{"href":"https:\/\/www.altekaeserei.de\/index.php?rest_route=%2Fwp%2Fv2%2Fmedia&parent=226"}],"curies":[{"name":"wp","href":"https:\/\/api.w.org\/{rel}","templated":true}]}}