{"id":466,"date":"2025-02-22T18:07:12","date_gmt":"2025-02-22T17:07:12","guid":{"rendered":"https:\/\/altekaeserei.net\/?page_id=466"},"modified":"2025-03-23T17:54:41","modified_gmt":"2025-03-23T16:54:41","slug":"umgebung","status":"publish","type":"page","link":"https:\/\/www.altekaeserei.de\/?page_id=466","title":{"rendered":"Umgebung"},"content":{"rendered":"\n<div class=\"wp-block-columns is-layout-flex wp-container-core-columns-is-layout-28f84493 wp-block-columns-is-layout-flex\">\n<div class=\"wp-block-column is-layout-flow wp-block-column-is-layout-flow\">\n<figure class=\"wp-block-image aligncenter size-full is-resized is-style-shadow-solid\"><img loading=\"lazy\" decoding=\"async\" width=\"386\" height=\"342\" src=\"https:\/\/altekaeserei.net\/wp-content\/uploads\/2025\/02\/see.jpg\" alt=\"Th\u00fcmmlitzsee\" class=\"wp-image-479\" style=\"width:301px;height:auto\" srcset=\"https:\/\/www.altekaeserei.de\/wp-content\/uploads\/2025\/02\/see.jpg 386w, https:\/\/www.altekaeserei.de\/wp-content\/uploads\/2025\/02\/see-300x266.jpg 300w\" sizes=\"auto, (max-width: 386px) 100vw, 386px\" \/><\/figure>\n<\/div>\n\n\n\n<div class=\"wp-block-column is-layout-flow wp-block-column-is-layout-flow\">\n<figure class=\"wp-block-image size-full is-resized is-style-shadow-solid\"><img loading=\"lazy\" decoding=\"async\" width=\"1296\" height=\"976\" src=\"https:\/\/altekaeserei.net\/wp-content\/uploads\/2025\/02\/rathaus-grimma.jpg\" alt=\"Rathaus Grimma\" class=\"wp-image-480\" style=\"width:353px;height:auto\" srcset=\"https:\/\/www.altekaeserei.de\/wp-content\/uploads\/2025\/02\/rathaus-grimma.jpg 1296w, https:\/\/www.altekaeserei.de\/wp-content\/uploads\/2025\/02\/rathaus-grimma-300x226.jpg 300w, https:\/\/www.altekaeserei.de\/wp-content\/uploads\/2025\/02\/rathaus-grimma-1024x771.jpg 1024w, https:\/\/www.altekaeserei.de\/wp-content\/uploads\/2025\/02\/rathaus-grimma-768x578.jpg 768w\" sizes=\"auto, (max-width: 1296px) 100vw, 1296px\" \/><\/figure>\n<\/div>\n\n\n\n<div class=\"wp-block-column is-vertically-aligned-stretch is-layout-flow wp-block-column-is-layout-flow\">\n<figure class=\"wp-block-image aligncenter size-full is-style-shadow-solid\"><img loading=\"lazy\" decoding=\"async\" width=\"443\" height=\"304\" src=\"https:\/\/altekaeserei.net\/wp-content\/uploads\/2025\/02\/wandern.jpg\" alt=\"Wandern im Th\u00fcmmlitzwald\" class=\"wp-image-478\" srcset=\"https:\/\/www.altekaeserei.de\/wp-content\/uploads\/2025\/02\/wandern.jpg 443w, https:\/\/www.altekaeserei.de\/wp-content\/uploads\/2025\/02\/wandern-300x206.jpg 300w\" sizes=\"auto, (max-width: 443px) 100vw, 443px\" \/><\/figure>\n<\/div>\n<\/div>\n\n\n\n<p class=\"has-contrast-color has-text-color has-link-color has-small-font-size wp-elements-becea19ce76e223fed7e4563eea99bcd\"><strong>Sie k\u00f6nnen Sie lange Wanderungen durch den Th\u00fcmmlitzwald, entlang der Mulde und im Colditz-Glastener Forst unternehmen, mit dem Rad nach Grimma, Colditz, Bad Lausick oder Trebsen fahren &#8211; und (wenn Sie wollen) mit dem Auto oder der Bahn sehenswerte Ziele wie Oschatz, Mei\u00dfen, Leipzig, Dresden, Chemnitz, das Erzgebirge und die S\u00e4chsische Schweiz erreichen.<\/strong><\/p>\n\n\n\n<p class=\"has-contrast-color has-text-color has-link-color has-small-font-size wp-elements-76d3793b5c8c0a9ed3b5356885e5570d\"><strong>Unsere Gegend ist geschichts- und sagenreich.<br><\/strong><strong><em><u>Hier ein paar Anregungen und Links:<\/u><\/em><\/strong><\/p>\n\n\n\n<p class=\"has-contrast-color has-text-color has-link-color has-small-font-size wp-elements-a3f565d504cdac7c5a3ead828e977268\"><strong><a href=\"https:\/\/www.grimma.de\/portal\/seiten\/dorf-der-baumeister-koessern-900000173-27290.html\" data-type=\"link\" data-id=\"https:\/\/www.grimma.de\/portal\/seiten\/dorf-der-baumeister-koessern-900000173-27290.html\">K\u00f6ssern<\/a> &#8211; ein planm\u00e4\u00dfig angelegtes Dorf mit einem barocken <a href=\"javascript:openpopup_27b5('http:\/\/www.jagdhaus-koessern.de')\">Jagdhaus<\/a> samt gro\u00dfem Garten und dem sanierten <a href=\"http:\/\/www.rittergut.org\">Rittergut<\/a>, au\u00dferdem einer 300 Jahre alten Schule, der historischen Muldenbr\u00fccke und dem&nbsp;Th\u00fcmmlitzsee mit Wassersportm\u00f6glichkeiten<br><a href=\"https:\/\/www.grimma.de\/portal\/seiten\/grossbothen-mit-kleinbothen-und-schaddel-900000142-27290.html\">Gro\u00dfbothen<\/a> (2 km) &#8211;&nbsp;mit dem <a href=\"http:\/\/www.wilhelm-ostwald-park.de\" data-type=\"link\" data-id=\"http:\/\/www.wilhelm-ostwald-park.de\">Wilhelm-Ostwald-Park <\/a>und der alten Kirche, hier gibt es Einkaufsm\u00f6glichkeiten und ein gro\u00dfes Freibad<br><a href=\"https:\/\/www.grimma.de\/portal\/seiten\/dorf-der-sinne-hoefgen-900000191-27290.html\" data-type=\"link\" data-id=\"https:\/\/www.grimma.de\/portal\/seiten\/dorf-der-sinne-hoefgen-900000191-27290.html\">H\u00f6fgen \/ Kaditzsch <\/a> (7 km) mit Schiffsm\u00fchle, Muldenf\u00e4hre, alter Wasserm\u00fchle, Veranstaltungsst\u00e4tte Denkmalschmiede<br><a href=\"https:\/\/www.grimma.de\/kultur-und-tourismus\/entdeckungen\/gaestefuehrungen\/kloster-nimbschen-und-katharina-von-bora\/\">Nimbschen<\/a> (7 km) &#8211; Klosterruine &#8211; von hier floh im Jahre 1523 die sp\u00e4tere Gattin Martin Luthers, Katharina von Bora, aus der Klostereinsamkeit ins pralle Leben<br><a href=\"http:\/\/www.colditz.de\" data-type=\"link\" data-id=\"http:\/\/www.colditz.de\">Colditz<\/a> (9 km) &#8211; mit historischem Markt,&nbsp;Schloss Colditz (ein ehemaliges Offiziersgefangenenlager), Museen, Aussichtsturm und diverser Gastronomie, Tierpark und Waldbad<br><a href=\"http:\/\/www.grimma.de\" data-type=\"link\" data-id=\"http:\/\/www.grimma.de\">Grimma<\/a> (10 km) &#8211; Gro\u00dfe Kreisstadt (zu der unser Dorf&nbsp;K\u00f6ssern seit 2011 geh\u00f6rt), historische Innenstadt, die&nbsp;w\u00e4hrend der Flut im August 2002&nbsp;zerst\u00f6rte und neu errichtete P\u00f6ppelmann-Br\u00fccke, Museen, Konzerthalle (Klosterkirche), Frauenkirche, Seume-Museum im G\u00f6schenhaus, Gymnasium St. Augustin, die imposante Flutschutzmauer, Sportm\u00f6glichkeiten (Tennis, Squash, Badminton, Tischtennis, Bowling, Go-Kart)<br><a href=\"https:\/\/www.trebsen.de\/\" data-type=\"link\" data-id=\"https:\/\/www.trebsen.de\/\">Trebsen<\/a> (15 km) &#8211; Schloss Trebsen, direkt an der Mulde, mit musealen und gastronomischen \u00dcberraschungen<br>Wurzen (25 km) &#8211; Gro\u00dfe Kreisstadt mit historischer Innenstadt &#8211; Crostigall &#8211; Geburtshaus von Joachim Ringelnatz &#8211; Posttor<br><a href=\"javascript:openpopup_27b5('http:\/\/www.rochlitz.de')\">Rochlitz<\/a> (20 km) &#8211; Porphyrsteinbruch &#8211; Katharinenkirche &#8211; Schloss &#8211; Aussichtsturm auf dem Rochlitzer Berg<br><a href=\"javascript:openpopup_2de7('http:\/\/www.bad-lausick.de')\">Bad Lausick<\/a> &#8211; Kurstadt mit dem Freizeit- und Spa\u00dfbad <a href=\"http:\/\/www.freizeitbad-riff.de\" data-type=\"link\" data-id=\"http:\/\/www.freizeitbad-riff.de\">RIFF<\/a><\/strong><\/p>\n\n\n\n<p class=\"has-contrast-color has-text-color has-link-color has-x-small-font-size wp-elements-66d64eb3c4d4ed513d8d2d03c16a7cc5\"><\/p>\n\n\n\n<p><\/p>\n","protected":false},"excerpt":{"rendered":"<p>Sie k\u00f6nnen Sie lange Wanderungen durch den Th\u00fcmmlitzwald, entlang der Mulde und im Colditz-Glastener Forst unternehmen, mit dem Rad nach Grimma, Colditz, Bad Lausick oder Trebsen fahren &#8211; und (wenn Sie wollen) mit dem Auto oder der Bahn sehenswerte Ziele wie Oschatz, Mei\u00dfen, Leipzig, Dresden, Chemnitz, das Erzgebirge und die S\u00e4chsische Schweiz erreichen. Unsere Gegend [&hellip;]<\/p>\n","protected":false},"author":1,"featured_media":0,"parent":66,"menu_order":0,"comment_status":"closed","ping_status":"closed","template":"","meta":{"footnotes":""},"class_list":["post-466","page","type-page","status-publish","hentry"],"_links":{"self":[{"href":"https:\/\/www.altekaeserei.de\/index.php?rest_route=\/wp\/v2\/pages\/466","targetHints":{"allow":["GET"]}}],"collection":[{"href":"https:\/\/www.altekaeserei.de\/index.php?rest_route=\/wp\/v2\/pages"}],"about":[{"href":"https:\/\/www.altekaeserei.de\/index.php?rest_route=\/wp\/v2\/types\/page"}],"author":[{"embeddable":true,"href":"https:\/\/www.altekaeserei.de\/index.php?rest_route=\/wp\/v2\/users\/1"}],"replies":[{"embeddable":true,"href":"https:\/\/www.altekaeserei.de\/index.php?rest_route=%2Fwp%2Fv2%2Fcomments&post=466"}],"version-history":[{"count":0,"href":"https:\/\/www.altekaeserei.de\/index.php?rest_route=\/wp\/v2\/pages\/466\/revisions"}],"up":[{"embeddable":true,"href":"https:\/\/www.altekaeserei.de\/index.php?rest_route=\/wp\/v2\/pages\/66"}],"wp:attachment":[{"href":"https:\/\/www.altekaeserei.de\/index.php?rest_route=%2Fwp%2Fv2%2Fmedia&parent=466"}],"curies":[{"name":"wp","href":"https:\/\/api.w.org\/{rel}","templated":true}]}}