{"id":537,"date":"2025-02-23T15:26:18","date_gmt":"2025-02-23T14:26:18","guid":{"rendered":"https:\/\/altekaeserei.net\/?page_id=537"},"modified":"2025-09-15T14:46:20","modified_gmt":"2025-09-15T12:46:20","slug":"anfahrt","status":"publish","type":"page","link":"https:\/\/www.altekaeserei.de\/?page_id=537","title":{"rendered":"Anfahrt"},"content":{"rendered":"\n<p class=\"has-text-align-center has-large-font-size\">Adresse f\u00fcr Ihr Navigationsger\u00e4t: <strong>Feldseite 3 \u2022 04668 Grimma<\/strong><\/p>\n\n\n\n<div class=\"wp-block-columns is-layout-flex wp-container-core-columns-is-layout-28f84493 wp-block-columns-is-layout-flex\">\n<div class=\"wp-block-column is-layout-flow wp-block-column-is-layout-flow\">\n<figure class=\"wp-block-image aligncenter size-full has-custom-border is-style-shadow-solid\"><img loading=\"lazy\" decoding=\"async\" width=\"300\" height=\"578\" src=\"https:\/\/altekaeserei.net\/wp-content\/uploads\/2025\/02\/anfahrt-altekaeserei-koessern.gif\" alt=\"\" class=\"has-border-color has-secondary-border-color wp-image-541\" style=\"border-width:1px\"\/><figcaption class=\"wp-element-caption\">mit dem Fahrzeug \u00fcber die A 14 <br>oder \u00fcber die B 107 (Colditz)<br><br><br><\/figcaption><\/figure>\n<\/div>\n\n\n\n<div class=\"wp-block-column is-layout-flow wp-block-column-is-layout-flow\">\n<p class=\"has-text-align-center has-primary-color has-neutral-background-color has-text-color has-background has-link-color has-small-font-size wp-elements-42648e1e3d67e9b42cc8be07401572de\" style=\"border-width:1px\">im Ort K\u00f6ssern aus Richtung Grimma \/ Gro\u00dfbothen:<\/p>\n\n\n\n<p class=\"has-text-align-center has-primary-color has-neutral-background-color has-text-color has-background has-link-color has-small-font-size wp-elements-df8eaf24bacbcccf2883ae6f218b6c0c\" style=\"border-width:1px\">Sie \u00fcberqueren die Muldebr\u00fccke<br>\u2022 biegen vor dem  Jagdhaus (barockes Schl\u00f6sschen)<br>links in Richtung F\u00f6rstgen \/ Schkortitz ab<br>\u2022 nach ca. 150 m biegen Sie (vor der Bushaltestelle) rechts in die Gasse (Feldseite) ein<br>\u2022 nach ca. 100 m sehen Sie links die ALTE K\u00c4SEREI <br>&#8211; benutzen Sie bitte den Parkplatz am Haus.<\/p>\n<\/div>\n\n\n\n<div class=\"wp-block-column is-layout-flow wp-block-column-is-layout-flow\">\n<p class=\"has-text-align-center has-primary-color has-neutral-background-color has-text-color has-background has-link-color has-small-font-size wp-elements-923dae05261877e2e3347ebfbf8af866\" style=\"border-width:1px\">mit der Bahn aus Richtung Leipzig oder Dresden: <\/p>\n\n\n\n<p class=\"has-text-align-center has-primary-color has-neutral-background-color has-text-color has-background has-link-color has-small-font-size wp-elements-64bdd86238130d9776130294414eae0a\" style=\"border-width:1px\">Verbindungssuche bei der<br>Deutschen Bahn<\/p>\n\n\n\n<figure class=\"wp-block-image aligncenter size-full is-resized\"><img loading=\"lazy\" decoding=\"async\" width=\"165\" height=\"223\" src=\"https:\/\/altekaeserei.net\/wp-content\/uploads\/2025\/02\/image-3.png\" alt=\"\" class=\"wp-image-564\" style=\"width:55px;height:auto\"\/><\/figure>\n\n\n\n<figure class=\"wp-block-image aligncenter size-full\" id=\"DBLINK\"><a href=\"https:\/\/www.bahn.de\"><img loading=\"lazy\" decoding=\"async\" width=\"75\" height=\"55\" src=\"https:\/\/altekaeserei.net\/wp-content\/uploads\/2025\/02\/bahn-logo.png\" alt=\"Deutsche Bahn\" class=\"wp-image-546\"\/><\/a><\/figure>\n<\/div>\n<\/div>\n","protected":false},"excerpt":{"rendered":"<p>Adresse f\u00fcr Ihr Navigationsger\u00e4t: Feldseite 3 \u2022 04668 Grimma im Ort K\u00f6ssern aus Richtung Grimma \/ Gro\u00dfbothen: Sie \u00fcberqueren die Muldebr\u00fccke\u2022 biegen vor dem Jagdhaus (barockes Schl\u00f6sschen)links in Richtung F\u00f6rstgen \/ Schkortitz ab\u2022 nach ca. 150 m biegen Sie (vor der Bushaltestelle) rechts in die Gasse (Feldseite) ein\u2022 nach ca. 100 m sehen Sie links [&hellip;]<\/p>\n","protected":false},"author":1,"featured_media":0,"parent":0,"menu_order":0,"comment_status":"closed","ping_status":"closed","template":"","meta":{"footnotes":""},"class_list":["post-537","page","type-page","status-publish","hentry"],"_links":{"self":[{"href":"https:\/\/www.altekaeserei.de\/index.php?rest_route=\/wp\/v2\/pages\/537","targetHints":{"allow":["GET"]}}],"collection":[{"href":"https:\/\/www.altekaeserei.de\/index.php?rest_route=\/wp\/v2\/pages"}],"about":[{"href":"https:\/\/www.altekaeserei.de\/index.php?rest_route=\/wp\/v2\/types\/page"}],"author":[{"embeddable":true,"href":"https:\/\/www.altekaeserei.de\/index.php?rest_route=\/wp\/v2\/users\/1"}],"replies":[{"embeddable":true,"href":"https:\/\/www.altekaeserei.de\/index.php?rest_route=%2Fwp%2Fv2%2Fcomments&post=537"}],"version-history":[{"count":1,"href":"https:\/\/www.altekaeserei.de\/index.php?rest_route=\/wp\/v2\/pages\/537\/revisions"}],"predecessor-version":[{"id":703,"href":"https:\/\/www.altekaeserei.de\/index.php?rest_route=\/wp\/v2\/pages\/537\/revisions\/703"}],"wp:attachment":[{"href":"https:\/\/www.altekaeserei.de\/index.php?rest_route=%2Fwp%2Fv2%2Fmedia&parent=537"}],"curies":[{"name":"wp","href":"https:\/\/api.w.org\/{rel}","templated":true}]}}