{"id":585,"date":"2025-02-23T17:09:49","date_gmt":"2025-02-23T16:09:49","guid":{"rendered":"https:\/\/altekaeserei.net\/?page_id=585"},"modified":"2026-05-13T10:11:23","modified_gmt":"2026-05-13T08:11:23","slug":"impressum","status":"publish","type":"page","link":"https:\/\/www.altekaeserei.de\/?page_id=585","title":{"rendered":"Impressum"},"content":{"rendered":"\n<p class=\"has-contrast-color has-neutral-background-color has-text-color has-background has-link-color wp-elements-84dc1655f070d28a3978433cd15528e3\">Impressum<\/p>\n\n\n\n<p class=\"has-contrast-color has-neutral-background-color has-text-color has-background has-link-color has-x-small-font-size wp-elements-67d2e760b0931c1075f4437d620476dc\"><strong><u>Impressum \/ Disclaimer \/ Verweis auf den Datenschutz \u2022 Angaben gem\u00e4\u00df \u00a7 5 DDG<\/u><br>Ich widerspreche&nbsp;jeder kommerziellen Verwendung und Weitergabe meiner Daten, es sei denn, ich habe dem ausdr\u00fccklich zugestimmt.<br><br><u>Verantwortungsbereich:<\/u><br>Das Impressum gilt nur f\u00fcr die Internetpr\u00e4senz der privaten Ferienhausvermietung unter dem URL:  <a href=\"https:\/\/altekaeserei.net\" data-type=\"link\" data-id=\"https:\/\/altekaeserei.net\">www.altekaeserei.de <br><\/a>Redaktionell verantwortlich:<br>Bernd Wagner * Feldseite 3 *&nbsp;OT K\u00f6ssern * 04668 Grimma<br><br><u>elektronische Postadresse:<\/u> <a href=\"mailto:webmaster@altekaeserei.de\">webmaster@altekaeserei.de<\/a><br><br><u>Unmittelbare Kommunikation:<\/u> 034384-739 700 \/ 0177 &#8211; 3339585<br><br><u>Keine Haftung:<\/u><br>Die Inhalte dieses Webprojektes wurden sorgf\u00e4ltig gepr\u00fcft und nach bestem Wissen erstellt.<br>F\u00fcr die hier dargebotenen Informationen wird dennoch kein Anspruch auf Vollst\u00e4ndigkeit, Aktualit\u00e4t, Qualit\u00e4t und Richtigkeit erhoben. Es kann keine Verantwortung f\u00fcr Sch\u00e4den \u00fcbernommen werden, die durch das Vertrauen auf die Inhalte dieser Website oder deren Gebrauch entstehen.<br><br><u>Schutzrechtsverletzung:<\/u><br>Falls Sie vermuten, dass von dieser Website aus eines Ihrer Schutzrechte verletzt wird, teilen Sie das bitte umgehend per elektronischer Post oder auf anderem dokumentierbaren Wege mit, damit z\u00fcgig Abhilfe geschafft werden kann.<br>Bitte nehmen Sie zur Kenntnis: Die&nbsp;Einschaltung eines Anwaltes zur f\u00fcr uns kostenpflichtigen Abmahnung entspricht nicht unserem&nbsp;wirklichen oder mutma\u00dflichen Willen.<br><u><br>Wichtiger Hinweis zu allen Links in unseren Internetseiten:<\/u><br>Mit Urteil vom 12. Mai 1998 &#8211; 312 O 85\/98 &#8211; &#8220;Haftung f\u00fcr Links&#8221; hat das Landgericht (LG) in Hamburg entschieden, dass man durch die Anbringung eines Links, die Inhalte der gelinkten Seite ggf. mit zu verantworten hat.<br>Dies kann &#8211; so das LG &#8211; nur dadurch verhindert werden, indem man sich ausdr\u00fccklich von diesen Inhalten distanziert.<br>&nbsp;Hiermit distanzieren wir uns vorsorglich ausdr\u00fccklich von allen Inhalten aller Seiten,&nbsp;zu denen Banner oder Links aus unseren Internetseiten f\u00fchren. Verletzung von Schutzrechten auf den verlinkten Seiten sind den Betreibern dieser Seiten bzw. den Beitragserstellern zuzurechnen.<br><br><u>Hinweis auf das Europ\u00e4ische Streitschlichtungsverfahren:<\/u><br>Die Europ\u00e4ische Kommission stellt eine Plattform f\u00fcr die au\u00dfergerichtliche Online-Streitbeilegung (OS-Plattform) bereit, die unter <a href=\"https:\/\/www.ec.europa.eu\/consumers\/odr\">www.ec.europa.eu\/consumers\/odr<\/a> aufrufbar ist.<br>Unsere E-Mail-Adresse finden Sie in unserem Impressum (diese Seite &#8211; siehe oben)<br>Wir sind nicht verpflichtet, an dem Streitschlichtungsverfahren teilzunehmen.<br><br><u>Verbraucherstreitbeilegung\/Universalschlichtungsstelle<br><\/u>Wir sind nicht bereit oder verpflichtet, an Streitbeilegungsverfahren vor einer Verbraucherschlichtungsstelle teilzunehmen.<\/strong><\/p>\n\n\n\n<p class=\"has-text-align-center has-link-color has-x-small-font-size wp-elements-8301c5847497c58b46bdfbd39c980fc5\"><strong><u><a href=\"https:\/\/www.altekaeserei.de\/html\/datenschutz.html\">Zur Datenschutzerkl\u00e4rung nach EU-Datenschutzgrundverordnung<\/a><\/u><\/strong><\/p>\n\n\n\n<figure class=\"wp-block-image aligncenter size-full is-resized\"><img loading=\"lazy\" decoding=\"async\" width=\"180\" height=\"280\" src=\"https:\/\/www.altekaeserei.de\/wp-content\/uploads\/2026\/05\/impressum-siegel-dark-vertical-small.png\" alt=\"e-Recht24-Logo\" class=\"wp-image-719\" style=\"aspect-ratio:1;object-fit:contain;width:123px;height:auto\"\/><\/figure>\n\n\n\n<p>Die Alte K\u00e4serei ist auf Portalen vertreten, f\u00fcr deren Inhalte nicht gehaftet werden kann.<\/p>\n\n\n\n<p><a href=\"https:\/\/www.ferienhausmarkt.com\">https:\/\/www.ferienhausmarkt.com<\/a><\/p>\n\n\n\n<p><\/p>\n","protected":false},"excerpt":{"rendered":"<p>Impressum Impressum \/ Disclaimer \/ Verweis auf den Datenschutz \u2022 Angaben gem\u00e4\u00df \u00a7 5 DDGIch widerspreche&nbsp;jeder kommerziellen Verwendung und Weitergabe meiner Daten, es sei denn, ich habe dem ausdr\u00fccklich zugestimmt. Verantwortungsbereich:Das Impressum gilt nur f\u00fcr die Internetpr\u00e4senz der privaten Ferienhausvermietung unter dem URL: www.altekaeserei.de Redaktionell verantwortlich:Bernd Wagner * Feldseite 3 *&nbsp;OT K\u00f6ssern * 04668 Grimma [&hellip;]<\/p>\n","protected":false},"author":1,"featured_media":0,"parent":0,"menu_order":0,"comment_status":"closed","ping_status":"closed","template":"","meta":{"footnotes":""},"class_list":["post-585","page","type-page","status-publish","hentry"],"_links":{"self":[{"href":"https:\/\/www.altekaeserei.de\/index.php?rest_route=\/wp\/v2\/pages\/585","targetHints":{"allow":["GET"]}}],"collection":[{"href":"https:\/\/www.altekaeserei.de\/index.php?rest_route=\/wp\/v2\/pages"}],"about":[{"href":"https:\/\/www.altekaeserei.de\/index.php?rest_route=\/wp\/v2\/types\/page"}],"author":[{"embeddable":true,"href":"https:\/\/www.altekaeserei.de\/index.php?rest_route=\/wp\/v2\/users\/1"}],"replies":[{"embeddable":true,"href":"https:\/\/www.altekaeserei.de\/index.php?rest_route=%2Fwp%2Fv2%2Fcomments&post=585"}],"version-history":[{"count":2,"href":"https:\/\/www.altekaeserei.de\/index.php?rest_route=\/wp\/v2\/pages\/585\/revisions"}],"predecessor-version":[{"id":720,"href":"https:\/\/www.altekaeserei.de\/index.php?rest_route=\/wp\/v2\/pages\/585\/revisions\/720"}],"wp:attachment":[{"href":"https:\/\/www.altekaeserei.de\/index.php?rest_route=%2Fwp%2Fv2%2Fmedia&parent=585"}],"curies":[{"name":"wp","href":"https:\/\/api.w.org\/{rel}","templated":true}]}}